{"id":6177,"date":"2021-09-20T19:47:45","date_gmt":"2021-09-20T16:47:45","guid":{"rendered":"http:\/\/qatar\/%d8%a7%d9%84%d9%88%d8%b8%d8%a7%d8%a6%d9%81-%d8%a7%d9%84%d8%b4%d8%a7%d8%ba%d8%b1%d8%a9\/"},"modified":"2021-09-20T19:47:45","modified_gmt":"2021-09-20T16:47:45","slug":"%d8%a7%d9%84%d9%88%d8%b8%d8%a7%d8%a6%d9%81-%d8%a7%d9%84%d8%b4%d8%a7%d8%ba%d8%b1%d8%a9","status":"publish","type":"page","link":"https:\/\/www.qatarfund.org.qa\/ar\/%d8%a7%d9%84%d9%88%d8%b8%d8%a7%d8%a6%d9%81-%d8%a7%d9%84%d8%b4%d8%a7%d8%ba%d8%b1%d8%a9\/","title":{"rendered":"\u0627\u0644\u0648\u0638\u0627\u0626\u0641 \u0627\u0644\u0634\u0627\u063a\u0631\u0629"},"content":{"rendered":"<section class=\"section section--content \" id=\"vacancies-block_6148ba4296db3\">\n        <div class=\"section--content__title section--content__title-centered\">\n        <h1>\u0627\u0644\u0648\u0638\u0627\u0626\u0641 \u0627\u0644\u0634\u0627\u063a\u0631\u0629<\/h1>\n    <\/div>\n        <div class=\"section--content__filters\">\n        <div class=\"section__filters\">\n            <span class=\"section__filters-title\">\u062a\u0631\u062a\u064a\u0628 \u062d\u0633\u0628<\/span>\n            <ul class=\"section__filters-list\">\n                <li class=\"active\"><a href=\"\/ar\/wp-json\/wp\/v2\/pages\/6177?sort=newest\">\u0627\u0644\u0623\u062d\u062f\u062b \u0623\u0648\u0644\u0627\u064b<\/a><\/li>\n                <li><a href=\"\/ar\/wp-json\/wp\/v2\/pages\/6177?sort=oldest\">\u0627\u0644\u0623\u0642\u062f\u0645 \u0623\u0648\u0644\u0627<\/a><\/li>\n                <li><a href=\"\/ar\/wp-json\/wp\/v2\/pages\/6177?sort=popular\">\u0627\u0644\u0623\u0643\u062b\u0631 \u0634\u0647\u0631\u0629<\/a><\/li>\n            <\/ul>\n        <\/div>\n    <\/div>\n    <div class=\"section--content__main\">\n        <div class=\"section--content__main-container\">\n            <div class=\"vacancies-row\">\n                <div class=\"vacancies-row__col\">\n    <div class=\"vacancies-row__item\">\n        <div class=\"vacancies-row__item-txt\">\n            <h3>Responsable marketing 1<\/h3>            <div class=\"vacancies-row__item-tags\">\n                                <span class=\"tag\">\u00c0 plein temps<\/span>\n                                                <span class=\"tag\">Min 1 an<\/span>\n                                                <span class=\"tag\">Niveau sup\u00e9rieur<\/span>\n                            <\/div>\n            <p>Qatar Aper\u00e7u: Lorem Ipsum Is Simply Dummy Text Of The Printing And Typesetting Industry. Lorem Ipsum Has Been The Industry&#8217;s Standard Dummy Text Ever Since The 1500s, When An Unknown Printer Took A Galley Of Type And Scrambled It To&#8230;<\/p>        <\/div>\n        <a href=\"https:\/\/www.qatarfund.org.qa\/fr\/?p=6169\" class=\"btn btn-primary\">\u0642\u062f\u0645 \u0627\u0644\u0622\u0646<\/a>\n    <\/div>\n<\/div><div class=\"vacancies-row__col\">\n    <div class=\"vacancies-row__item\">\n        <div class=\"vacancies-row__item-txt\">\n            <h3>\u0635\u0627\u0646\u0639 \u0645\u062d\u062a\u0648\u064a<\/h3>            <div class=\"vacancies-row__item-tags\">\n                                <span class=\"tag\">\u0648\u0642\u062a \u0643\u0627\u0645\u0644<\/span>\n                                                <span class=\"tag\">\u0633\u0646\u0629 \u0648\u0627\u062d\u062f\u0629 \u0643\u062d\u062f \u0623\u062f\u0646\u0649<\/span>\n                                                <span class=\"tag\">\u0645\u0633\u062a\u0648\u0649 \u0631\u0641\u064a\u0639<\/span>\n                            <\/div>\n            <p>\u062f\u0648\u0644\u0629 \u0642\u0637\u0631 \u0645\u0644\u062e\u0635: \u0644\u0648\u0631\u064a\u0645 \u0625\u064a\u0628\u0633\u0648\u0645 \u0647\u0648 \u0628\u0628\u0633\u0627\u0637\u0629 \u0646\u0635 \u0634\u0643\u0644\u064a \u064a\u0633\u062a\u062e\u062f\u0645 \u0641\u064a \u0635\u0646\u0627\u0639\u0629 \u0627\u0644\u0637\u0628\u0627\u0639\u0629 \u0648\u0627\u0644\u062a\u0646\u0636\u064a\u062f. \u0643\u0627\u0646 Lorem Ipsum \u0647\u0648 \u0627\u0644\u0646\u0635 \u0627\u0644\u0648\u0647\u0645\u064a \u0627\u0644\u0642\u064a\u0627\u0633\u064a \u0641\u064a \u0627\u0644\u0635\u0646\u0627\u0639\u0629 \u0645\u0646\u0630 \u0627\u0644\u0642\u0631\u0646 \u0627\u0644\u062e\u0627\u0645\u0633 \u0639\u0634\u0631 \u0627\u0644\u0645\u064a\u0644\u0627\u062f\u064a \u060c \u0639\u0646\u062f\u0645\u0627 \u0623\u062e\u0630\u062a \u0637\u0627\u0628\u0639\u0629 \u063a\u064a\u0631 \u0645\u0639\u0631\u0648\u0641\u0629 \u0644\u0648\u062d\u064b\u0627 \u0645\u0646 \u0627\u0644\u0646\u0648\u0639 \u0648\u062a\u062f\u0627\u0641\u0639\u062a \u0639\u0644\u064a\u0647 \u0644\u0639\u0645\u0644&#8230;<\/p>        <\/div>\n        <a href=\"https:\/\/www.qatarfund.org.qa\/ar\/?p=6168\" class=\"btn btn-primary\">\u0642\u062f\u0645 \u0627\u0644\u0622\u0646<\/a>\n    <\/div>\n<\/div><div class=\"vacancies-row__col\">\n    <div class=\"vacancies-row__item\">\n        <div class=\"vacancies-row__item-txt\">\n            <h3>Responsable marketing 2<\/h3>            <div class=\"vacancies-row__item-tags\">\n                                <span class=\"tag\">\u00c0 plein temps<\/span>\n                                                <span class=\"tag\">Niveau sup\u00e9rieur<\/span>\n                                                <span class=\"tag\">Min 1 Year<\/span>\n                            <\/div>\n            <p>Qatar Aper\u00e7u: Lorem Ipsum est simplement un faux texte de l&#8217;industrie de l&#8217;impression et de la composition. Lorem Ipsum est le texte factice standard de l&#8217;industrie depuis les ann\u00e9es 1500, lorsqu&#8217;un imprimeur inconnu a pris une gal\u00e8re de caract\u00e8res et&#8230;<\/p>        <\/div>\n        <a href=\"https:\/\/www.qatarfund.org.qa\/fr\/?p=6167\" class=\"btn btn-primary\">\u0642\u062f\u0645 \u0627\u0644\u0622\u0646<\/a>\n    <\/div>\n<\/div><div class=\"vacancies-row__col\">\n    <div class=\"vacancies-row__item\">\n        <div class=\"vacancies-row__item-txt\">\n            <h3>\u0645\u062f\u064a\u0631 \u0627\u0644\u062a\u0633\u0648\u064a\u0642 2<\/h3>            <div class=\"vacancies-row__item-tags\">\n                                <span class=\"tag\">\u0648\u0642\u062a \u0643\u0627\u0645\u0644<\/span>\n                                                <span class=\"tag\">\u0633\u0646\u0629 \u0648\u0627\u062d\u062f\u0629 \u0643\u062d\u062f \u0623\u062f\u0646\u0649<\/span>\n                                                <span class=\"tag\">\u0645\u0633\u062a\u0648\u0649 \u0631\u0641\u064a\u0639<\/span>\n                            <\/div>\n            <p>\u062f\u0648\u0644\u0629 \u0642\u0637\u0631 \u0645\u0644\u062e\u0635: \u0644\u0648\u0631\u064a\u0645 \u0625\u064a\u0628\u0633\u0648\u0645 \u0647\u0648 \u0628\u0628\u0633\u0627\u0637\u0629 \u0646\u0635 \u0634\u0643\u0644\u064a \u064a\u0633\u062a\u062e\u062f\u0645 \u0641\u064a \u0635\u0646\u0627\u0639\u0629 \u0627\u0644\u0637\u0628\u0627\u0639\u0629 \u0648\u0627\u0644\u062a\u0646\u0636\u064a\u062f. \u0643\u0627\u0646 Lorem Ipsum \u0647\u0648 \u0627\u0644\u0646\u0635 \u0627\u0644\u0648\u0647\u0645\u064a \u0627\u0644\u0642\u064a\u0627\u0633\u064a \u0641\u064a \u0627\u0644\u0635\u0646\u0627\u0639\u0629 \u0645\u0646\u0630 \u0627\u0644\u0642\u0631\u0646 \u0627\u0644\u062e\u0627\u0645\u0633 \u0639\u0634\u0631 \u0627\u0644\u0645\u064a\u0644\u0627\u062f\u064a \u060c \u0639\u0646\u062f\u0645\u0627 \u0623\u062e\u0630\u062a \u0637\u0627\u0628\u0639\u0629 \u063a\u064a\u0631 \u0645\u0639\u0631\u0648\u0641\u0629 \u0644\u0648\u062d\u064b\u0627 \u0645\u0646 \u0627\u0644\u0646\u0648\u0639 \u0648\u062a\u062f\u0627\u0641\u0639\u062a \u0639\u0644\u064a\u0647 \u0644\u0639\u0645\u0644&#8230;<\/p>        <\/div>\n        <a href=\"https:\/\/www.qatarfund.org.qa\/ar\/?p=6166\" class=\"btn btn-primary\">\u0642\u062f\u0645 \u0627\u0644\u0622\u0646<\/a>\n    <\/div>\n<\/div>            <\/div>\n        <\/div>\n    <\/div>\n<\/section>","protected":false},"excerpt":{"rendered":"","protected":false},"author":1,"featured_media":0,"parent":0,"menu_order":23,"comment_status":"closed","ping_status":"closed","template":"template-page-for-acf.php","meta":{"_acf_changed":false,"inline_featured_image":false,"footnotes":""},"class_list":["post-6177","page","type-page","status-publish","hentry"],"acf":[],"yoast_head":"<!-- This site is optimized with the Yoast SEO plugin v25.9 - https:\/\/yoast.com\/wordpress\/plugins\/seo\/ -->\n<title>\u0627\u0644\u0648\u0638\u0627\u0626\u0641 \u0627\u0644\u0634\u0627\u063a\u0631\u0629 - Qatar Fund For Development<\/title>\n<meta name=\"robots\" content=\"index, follow, max-snippet:-1, max-image-preview:large, max-video-preview:-1\" \/>\n<link rel=\"canonical\" href=\"https:\/\/www.qatarfund.org.qa\/current-vacancies\/\" \/>\n<meta property=\"og:locale\" content=\"ar_AR\" \/>\n<meta property=\"og:type\" content=\"article\" \/>\n<meta property=\"og:title\" content=\"\u0627\u0644\u0648\u0638\u0627\u0626\u0641 \u0627\u0644\u0634\u0627\u063a\u0631\u0629 - Qatar Fund For Development\" \/>\n<meta property=\"og:url\" content=\"https:\/\/www.qatarfund.org.qa\/current-vacancies\/\" \/>\n<meta property=\"og:site_name\" content=\"Qatar Fund For Development\" \/>\n<meta property=\"article:publisher\" content=\"https:\/\/www.facebook.com\/qatarfundfordevelopment\/\" \/>\n<meta name=\"twitter:card\" content=\"summary_large_image\" \/>\n<meta name=\"twitter:site\" content=\"@qatar_fund\" \/>\n<script type=\"application\/ld+json\" class=\"yoast-schema-graph\">{\"@context\":\"https:\/\/schema.org\",\"@graph\":[{\"@type\":\"WebPage\",\"@id\":\"https:\/\/www.qatarfund.org.qa\/current-vacancies\/\",\"url\":\"https:\/\/www.qatarfund.org.qa\/current-vacancies\/\",\"name\":\"\u0627\u0644\u0648\u0638\u0627\u0626\u0641 \u0627\u0644\u0634\u0627\u063a\u0631\u0629 - Qatar Fund For Development\",\"isPartOf\":{\"@id\":\"https:\/\/www.qatarfund.org.qa\/ar\/#website\"},\"datePublished\":\"2021-09-20T16:47:45+00:00\",\"breadcrumb\":{\"@id\":\"https:\/\/www.qatarfund.org.qa\/current-vacancies\/#breadcrumb\"},\"inLanguage\":\"ar\",\"potentialAction\":[{\"@type\":\"ReadAction\",\"target\":[\"https:\/\/www.qatarfund.org.qa\/current-vacancies\/\"]}]},{\"@type\":\"BreadcrumbList\",\"@id\":\"https:\/\/www.qatarfund.org.qa\/current-vacancies\/#breadcrumb\",\"itemListElement\":[{\"@type\":\"ListItem\",\"position\":1,\"name\":\"Home\",\"item\":\"https:\/\/www.qatarfund.org.qa\/ar\/\"},{\"@type\":\"ListItem\",\"position\":2,\"name\":\"\u0627\u0644\u0648\u0638\u0627\u0626\u0641 \u0627\u0644\u0634\u0627\u063a\u0631\u0629\"}]},{\"@type\":\"WebSite\",\"@id\":\"https:\/\/www.qatarfund.org.qa\/ar\/#website\",\"url\":\"https:\/\/www.qatarfund.org.qa\/ar\/\",\"name\":\"Qatar Fund For Development\",\"description\":\"\",\"publisher\":{\"@id\":\"https:\/\/www.qatarfund.org.qa\/ar\/#organization\"},\"potentialAction\":[{\"@type\":\"SearchAction\",\"target\":{\"@type\":\"EntryPoint\",\"urlTemplate\":\"https:\/\/www.qatarfund.org.qa\/ar\/?s={search_term_string}\"},\"query-input\":{\"@type\":\"PropertyValueSpecification\",\"valueRequired\":true,\"valueName\":\"search_term_string\"}}],\"inLanguage\":\"ar\"},{\"@type\":\"Organization\",\"@id\":\"https:\/\/www.qatarfund.org.qa\/ar\/#organization\",\"name\":\"Qatar Fund For Development\",\"url\":\"https:\/\/www.qatarfund.org.qa\/ar\/\",\"logo\":{\"@type\":\"ImageObject\",\"inLanguage\":\"ar\",\"@id\":\"https:\/\/www.qatarfund.org.qa\/ar\/#\/schema\/logo\/image\/\",\"url\":\"https:\/\/exsjwzu9tz6.exactdn.com\/wp-content\/uploads\/2021\/09\/logo.svg\",\"contentUrl\":\"https:\/\/exsjwzu9tz6.exactdn.com\/wp-content\/uploads\/2021\/09\/logo.svg\",\"caption\":\"Qatar Fund For Development\"},\"image\":{\"@id\":\"https:\/\/www.qatarfund.org.qa\/ar\/#\/schema\/logo\/image\/\"},\"sameAs\":[\"https:\/\/www.facebook.com\/qatarfundfordevelopment\/\",\"https:\/\/x.com\/qatar_fund\"]}]}<\/script>\n<!-- \/ Yoast SEO plugin. -->","yoast_head_json":{"title":"\u0627\u0644\u0648\u0638\u0627\u0626\u0641 \u0627\u0644\u0634\u0627\u063a\u0631\u0629 - Qatar Fund For Development","robots":{"index":"index","follow":"follow","max-snippet":"max-snippet:-1","max-image-preview":"max-image-preview:large","max-video-preview":"max-video-preview:-1"},"canonical":"https:\/\/www.qatarfund.org.qa\/current-vacancies\/","og_locale":"ar_AR","og_type":"article","og_title":"\u0627\u0644\u0648\u0638\u0627\u0626\u0641 \u0627\u0644\u0634\u0627\u063a\u0631\u0629 - Qatar Fund For Development","og_url":"https:\/\/www.qatarfund.org.qa\/current-vacancies\/","og_site_name":"Qatar Fund For Development","article_publisher":"https:\/\/www.facebook.com\/qatarfundfordevelopment\/","twitter_card":"summary_large_image","twitter_site":"@qatar_fund","schema":{"@context":"https:\/\/schema.org","@graph":[{"@type":"WebPage","@id":"https:\/\/www.qatarfund.org.qa\/current-vacancies\/","url":"https:\/\/www.qatarfund.org.qa\/current-vacancies\/","name":"\u0627\u0644\u0648\u0638\u0627\u0626\u0641 \u0627\u0644\u0634\u0627\u063a\u0631\u0629 - Qatar Fund For Development","isPartOf":{"@id":"https:\/\/www.qatarfund.org.qa\/ar\/#website"},"datePublished":"2021-09-20T16:47:45+00:00","breadcrumb":{"@id":"https:\/\/www.qatarfund.org.qa\/current-vacancies\/#breadcrumb"},"inLanguage":"ar","potentialAction":[{"@type":"ReadAction","target":["https:\/\/www.qatarfund.org.qa\/current-vacancies\/"]}]},{"@type":"BreadcrumbList","@id":"https:\/\/www.qatarfund.org.qa\/current-vacancies\/#breadcrumb","itemListElement":[{"@type":"ListItem","position":1,"name":"Home","item":"https:\/\/www.qatarfund.org.qa\/ar\/"},{"@type":"ListItem","position":2,"name":"\u0627\u0644\u0648\u0638\u0627\u0626\u0641 \u0627\u0644\u0634\u0627\u063a\u0631\u0629"}]},{"@type":"WebSite","@id":"https:\/\/www.qatarfund.org.qa\/ar\/#website","url":"https:\/\/www.qatarfund.org.qa\/ar\/","name":"Qatar Fund For Development","description":"","publisher":{"@id":"https:\/\/www.qatarfund.org.qa\/ar\/#organization"},"potentialAction":[{"@type":"SearchAction","target":{"@type":"EntryPoint","urlTemplate":"https:\/\/www.qatarfund.org.qa\/ar\/?s={search_term_string}"},"query-input":{"@type":"PropertyValueSpecification","valueRequired":true,"valueName":"search_term_string"}}],"inLanguage":"ar"},{"@type":"Organization","@id":"https:\/\/www.qatarfund.org.qa\/ar\/#organization","name":"Qatar Fund For Development","url":"https:\/\/www.qatarfund.org.qa\/ar\/","logo":{"@type":"ImageObject","inLanguage":"ar","@id":"https:\/\/www.qatarfund.org.qa\/ar\/#\/schema\/logo\/image\/","url":"https:\/\/exsjwzu9tz6.exactdn.com\/wp-content\/uploads\/2021\/09\/logo.svg","contentUrl":"https:\/\/exsjwzu9tz6.exactdn.com\/wp-content\/uploads\/2021\/09\/logo.svg","caption":"Qatar Fund For Development"},"image":{"@id":"https:\/\/www.qatarfund.org.qa\/ar\/#\/schema\/logo\/image\/"},"sameAs":["https:\/\/www.facebook.com\/qatarfundfordevelopment\/","https:\/\/x.com\/qatar_fund"]}]}},"_links":{"self":[{"href":"https:\/\/www.qatarfund.org.qa\/ar\/wp-json\/wp\/v2\/pages\/6177","targetHints":{"allow":["GET"]}}],"collection":[{"href":"https:\/\/www.qatarfund.org.qa\/ar\/wp-json\/wp\/v2\/pages"}],"about":[{"href":"https:\/\/www.qatarfund.org.qa\/ar\/wp-json\/wp\/v2\/types\/page"}],"author":[{"embeddable":true,"href":"https:\/\/www.qatarfund.org.qa\/ar\/wp-json\/wp\/v2\/users\/1"}],"replies":[{"embeddable":true,"href":"https:\/\/www.qatarfund.org.qa\/ar\/wp-json\/wp\/v2\/comments?post=6177"}],"version-history":[{"count":0,"href":"https:\/\/www.qatarfund.org.qa\/ar\/wp-json\/wp\/v2\/pages\/6177\/revisions"}],"wp:attachment":[{"href":"https:\/\/www.qatarfund.org.qa\/ar\/wp-json\/wp\/v2\/media?parent=6177"}],"curies":[{"name":"wp","href":"https:\/\/api.w.org\/{rel}","templated":true}]}}